{"id":6089,"date":"2025-01-14T16:09:20","date_gmt":"2025-01-14T15:09:20","guid":{"rendered":"https:\/\/www.santesud.org\/who-are-we\/renforcer-les-ressources-humaines-en-sante\/"},"modified":"2025-02-26T12:26:21","modified_gmt":"2025-02-26T11:26:21","slug":"strengthening-health-human-resources","status":"publish","type":"page","link":"https:\/\/www.santesud.org\/en\/who-are-we\/strengthening-health-human-resources\/","title":{"rendered":"Strengthening health human resources"},"content":{"rendered":"<div id=\"field_pow2fb334139a90433a_type2\" class=\"container-fluid px-0 flexible_section block_columns\">\n <div id=\"field_pow2fb334139a90433a_type2_inner\" class=\"container flexible_section_inner\">\n\n   <div class=\"row flexible_section_content\">\n\n   <div class=\"col-sm-12 colonne colonne1\">\n    <div class=\"colonne_inner  text-left\">\n<h1>Strengthening health human resources<\/h1>\n    <\/div>\n   <\/div>\n  <\/div>\n\n <\/div>\n<div id=\"shapedivider_pow2fb334139a90433a_type2_bottom\" class=\"shapedivider_outer\">\n<svg data-name=\"Layer 1\" xmlns=\"http:\/\/www.w3.org\/2000\/svg\" viewBox=\"0 0 1200 120\" preserveAspectRatio=\"none\">\n<path d=\"M1200 120L0 16.48 0 0 1200 0 1200 120z\" class=\"shape-fill\"><\/path>\n<\/svg>\n<\/div>\n\n<\/div>\n\n\n<div id=\"field_pow2298169460f04b13\" class=\"container-fluid px-0 flexible_section block_columns\">\n <div id=\"field_pow2298169460f04b13_inner\" class=\"container flexible_section_inner\">\n\n   <div class=\"row flexible_section_content\">\n\n   <div class=\"mb-3 mb-sm-0 col-sm-4 colonne colonne1\">\n    <div class=\"colonne_inner  text-left\">\n<p><img loading=\"lazy\" decoding=\"async\" class=\"alignnone size-full wp-image-5507\" src=\"https:\/\/www.santesud.org\/wp-content\/uploads\/2025\/01\/renforcement-01.jpg\" alt=\"\" width=\"300\" height=\"300\" srcset=\"https:\/\/www.santesud.org\/wp-content\/uploads\/2025\/01\/renforcement-01.jpg 300w, https:\/\/www.santesud.org\/wp-content\/uploads\/2025\/01\/renforcement-01-150x150.jpg 150w\" sizes=\"auto, (max-width: 300px) 100vw, 300px\" \/><\/p>\n    <\/div>\n   <\/div>\n   <div class=\"col-sm-8 colonne colonne2\">\n    <div class=\"colonne_inner text-left d-flex align-items-center justify-content-start\">\n    <div class=\"colonne_inner_sub \">\n<p>In the countries where we operate, the healthcare systems face major obstacles:<\/p>\n<p>\u2022 Shortage of qualified professionals, particularly in rural or isolated areas.<br \/>\n\u2022 Precarious working conditions that encourage the migration of talent.<br \/>\n\u2022 Limited opportunities for continuing education and professional support.<\/p>\n<p>Since its creation, Sant\u00e9 Sud has been built around the concept of \u2018Acting together without replacing\u2019. Our role has always been to support, without replacing, the players in the healthcare system in the reception and care of patients, particularly in primary healthcare.<\/p>\n    <\/div>\n    <\/div>\n   <\/div>\n  <\/div>\n\n <\/div>\n<\/div>\n\n\n<div id=\"field_pow79d9e3cee9734075\" class=\"container-fluid px-0 flexible_section block_adaptativetextandimage\">\n <div id=\"field_pow79d9e3cee9734075_inner\" class=\"container flexible_section_inner\">\n\n   <div class=\"row no-gutters flexible_section_content adaptativeimage \" id=\"textimagebanner_pow79d9e3cee9734075\">\n\n   <div class=\"col-12 col-sm-7 order-2 order-sm-1 colonne colonne1 colonne1_pow79d9e3cee9734075 order_left order_sm_yes\">\n    <div class=\"colonne_inner text-left justify-content-start\">\n<p>France&#8217;s global health strategy aims to strengthen human resources for health by supporting the initial and ongoing training of health professionals, in particular through partnerships with training establishments in partner countries. It also encourages the improvement of policies for the management of human resources for health, including the retention, redistribution and development of skills, in order to respond sustainably to the needs of local health systems.<\/p>\n<p><a class=\"button_orange\" href=\"https:\/\/sante.gouv.fr\/ministere\/europe-et-international\/la-sante-mondiale\/article\/strategie-francaise-en-sante-mondiale-2023-2027\" target=\"_blank\" rel=\"noopener\">Read more<\/a><\/p>\n    <\/div>\n   <\/div>\n   <div class=\"col-12 col-sm-5 order-1 order-sm-2 colonne colonne2 colonne2_pow79d9e3cee9734075 order_left order_sm_yes\">\n   <\/div>\n  <\/div>\n\n <\/div>\n<\/div>\n\n\n<div id=\"field_pow6a764db79cc440a6\" class=\"container-fluid px-0 flexible_section block_columns\">\n <div id=\"field_pow6a764db79cc440a6_inner\" class=\"container flexible_section_inner\">\n\n   <div class=\"row flexible_section_content\">\n\n   <div class=\"col-sm-12 colonne colonne1\">\n    <div class=\"colonne_inner h3 antonio text-center\">\n<p>Sant\u00e9 Sud supports healthcare professionals in setting up healthcare services that are accessible to all, without discrimination.<\/p>\n    <\/div>\n   <\/div>\n  <\/div>\n\n <\/div>\n<\/div>\n\n\n<div id=\"field_pow5dd95767eef040b8\" class=\"container-fluid px-0 flexible_section block_adaptativetextandimage\">\n <div id=\"field_pow5dd95767eef040b8_inner\" class=\"container flexible_section_inner\">\n\n   <div class=\"row flexible_section_content adaptativeimage \" id=\"textimagebanner_pow5dd95767eef040b8\">\n\n   <div class=\"col-12 col-sm-7 order-2 order-sm-1 colonne colonne1 colonne1_pow5dd95767eef040b8 order_left order_sm_yes\">\n    <div class=\"colonne_inner text-left justify-content-start\">\n<h3>Our challenges and our commitment<\/h3>\n<p>&nbsp;<\/p>\n<p>At Sant\u00e9 Sud, we believe that access to quality healthcare starts with the development of competent, motivated and accessible human resources in health. Faced with the growing challenges facing healthcare systems in many countries, we are taking action to strengthen human resources in health, an essential pillar of a sustainable and equitable healthcare system.<\/p>\n<p>We support medical and healthcare teams, as well as administrative and management staff, in improving their skills, with the aim of providing appropriate, high-quality care.<\/p>\n    <\/div>\n   <\/div>\n   <div class=\"col-12 col-sm-5 order-1 order-sm-2 colonne colonne2 colonne2_pow5dd95767eef040b8 order_left order_sm_yes\">\n   <\/div>\n  <\/div>\n\n <\/div>\n<\/div>\n\n\n<div id=\"field_powf596950a5727447c\" class=\"container-fluid px-0 flexible_section block_columns\">\n <div id=\"field_powf596950a5727447c_inner\" class=\"container flexible_section_inner\">\n\n   <div class=\"row flexible_section_content\">\n\n   <div class=\"mb-3 mb-sm-0 col-sm-6 colonne colonne1\">\n    <div class=\"colonne_inner p-3 text-left\">\n<p>\u201cSant\u00e9 Sud&#8217;s training has given us the tools we need to cope with our first job. Now I have more confidence in dealing with patients. What&#8217;s more, we&#8217;ve had companionships. It&#8217;s a source of motivation because we know that we&#8217;re not abandoned or neglected in our remote area.\u201d<\/p>\n<p>Olivia, midwife and community worker trained by Sant\u00e9 Sud in Madagascar in 2022<\/p>\n    <\/div>\n   <\/div>\n   <div class=\"col-sm-6 colonne colonne2\">\n    <div class=\"colonne_inner  text-left\">\n<p>Training for healthcare professionals\u2219les is embedded in local contexts, taking into account the specific needs of healthcare structures and the rights of populations.<\/p>\n<p>In particular, Sant\u00e9 Sud raises awareness among medical and nursing staff of gender stereotypes and, more generally, of all the vulnerability factors linked to healthcare, and of the biases that can affect their care of patients through ongoing training programmes.<\/p>\n    <\/div>\n   <\/div>\n  <\/div>\n\n <\/div>\n<\/div>\n\n\n<div id=\"field_powceb0616840074b75\" class=\"container-fluid px-0 flexible_section block_columns\">\n <div id=\"field_powceb0616840074b75_inner\" class=\"container flexible_section_inner\">\n\n   <div class=\"row flexible_section_content\">\n\n   <div class=\"col-sm-12 colonne colonne1\">\n    <div class=\"colonne_inner h3 antonio text-center\">\n<p>By increasing healthcare professionals&#8217; knowledge of gender dynamics, Sant\u00e9 Sud is helping to create safe, non-stigmatising care environments.<\/p>\n    <\/div>\n   <\/div>\n  <\/div>\n\n <\/div>\n<\/div>\n\n\n<div id=\"field_powc1fa9cf44b944b96\" class=\"container-fluid px-0 flexible_section block_adaptativetextandimage\">\n <div id=\"field_powc1fa9cf44b944b96_inner\" class=\"container flexible_section_inner\">\n\n   <div class=\"row no-gutters flexible_section_content adaptativeimage \" id=\"textimagebanner_powc1fa9cf44b944b96\">\n\n   <div class=\"col-12 col-sm-7 order-2 order-sm-1 colonne colonne1 colonne1_powc1fa9cf44b944b96 order_left order_sm_yes\">\n    <div class=\"colonne_inner text-left justify-content-start\">\n<h3>Strengthening civil society to support local communities and advocate for health-friendly environments<\/h3>\n<p>&nbsp;<\/p>\n<p>Our projects are co-constructed with our partners on the basis of a shared diagnosis of the local situation. They are implemented through a process of transmission, mentoring and exchanges of expertise, with responsibility for the actions implemented being shared.<\/p>\n<p>By supporting them in their activities and strengthening their capacities, Sant\u00e9 Sud works to ensure that civil society players make an active contribution to tackling health issues.<\/p>\n    <\/div>\n   <\/div>\n   <div class=\"col-12 col-sm-5 order-1 order-sm-2 colonne colonne2 colonne2_powc1fa9cf44b944b96 order_left order_sm_yes\">\n   <\/div>\n  <\/div>\n\n <\/div>\n<\/div>\n\n\n<div id=\"field_pow32f8bb960d59400f\" class=\"container-fluid px-0 flexible_section block_columns\">\n <div id=\"field_pow32f8bb960d59400f_inner\" class=\"container flexible_section_inner\">\n\n   <div class=\"row flexible_section_content\">\n\n   <div class=\"mb-3 mb-sm-0 col-sm-6 colonne colonne1\">\n    <div class=\"colonne_inner  text-left\">\n<p>As part of the SentinElles project, Sant\u00e9 Sud is working in partnership with the LDDF-INJAD network in Morocco. Thanks to their complementarity, the LDDF-INJAD network has developed its expertise in sexual and reproductive health and rights, psychosocial issues and has been strengthened in its structure.<\/p>\n    <\/div>\n   <\/div>\n   <div class=\"col-sm-6 colonne colonne2\">\n    <div class=\"colonne_inner  text-left\">\n<p>Thanks to the Network, Sant\u00e9 Sud has increased its knowledge of gender-based violence, particularly in the Moroccan context. This partnership is a source of mutual enrichment.<\/p>\n    <\/div>\n   <\/div>\n  <\/div>\n\n <\/div>\n<\/div>\n\n\n<div id=\"field_pow596a731bcc954027\" class=\"container-fluid px-0 flexible_section block_columns\">\n <div id=\"field_pow596a731bcc954027_inner\" class=\"container flexible_section_inner\">\n\n   <div class=\"row flexible_section_content\">\n\n   <div class=\"mb-3 mb-sm-0 col-sm-6 colonne colonne1\">\n    <div class=\"colonne_inner  text-left\">\n<h3>Our approach to strengthening human resources in healthcare facilities<\/h3>\n    <\/div>\n   <\/div>\n   <div class=\"col-sm-6 colonne colonne2\">\n    <div class=\"colonne_inner  text-left\">\n<p>Thanks to a pragmatic and collaborative approach, our initiatives include :<\/p>\n<p><strong>Initial and ongoing training<\/strong><\/p>\n<p>We organise training sessions tailored to local needs. These programmes include, for example<\/p>\n<ul>\n<li>The management of medical emergencies in isolated areas (and in the absence of technical facilities),<\/li>\n<li>Care for pregnant women and young children, with a view to the first 1,000 days,<\/li>\n<li>Primary healthcare for rural communities,<\/li>\n<li>Specialisation in family and community medicine.<\/li>\n<\/ul>\n    <\/div>\n   <\/div>\n  <\/div>\n\n <\/div>\n<\/div>\n\n\n<div id=\"field_powc6586c7a3a0047ef\" class=\"container-fluid px-0 flexible_section block_columns\">\n <div id=\"field_powc6586c7a3a0047ef_inner\" class=\"container flexible_section_inner\">\n\n   <div class=\"row flexible_section_content\">\n\n   <div class=\"mb-3 mb-sm-0 col-sm-6 colonne colonne1\">\n    <div class=\"colonne_inner  text-left\">\n<p><strong>Support and supervision<\/strong><\/p>\n<p>We work directly with healthcare teams at all levels of the healthcare pyramid, in the field, to strengthen their skills:<\/p>\n<ul>\n<li>Coaching for management teams, department heads or care managers,<\/li>\n<li>Practical workshops in hospital and community settings,<\/li>\n<li>Sharing international recommendations and best practice<\/li>\n<li>Monitoring the development of skills and practices and supporting their continuous improvement, in alliance with managers.<\/li>\n<\/ul>\n    <\/div>\n   <\/div>\n   <div class=\"col-sm-6 colonne colonne2\">\n    <div class=\"colonne_inner  text-left\">\n<p><img loading=\"lazy\" decoding=\"async\" class=\"alignnone wp-image-5501 size-full\" src=\"https:\/\/www.santesud.org\/wp-content\/uploads\/2025\/01\/Mauritanie-SSR-formation-SONU.jpg\" alt=\"\" width=\"600\" height=\"336\" srcset=\"https:\/\/www.santesud.org\/wp-content\/uploads\/2025\/01\/Mauritanie-SSR-formation-SONU.jpg 600w, https:\/\/www.santesud.org\/wp-content\/uploads\/2025\/01\/Mauritanie-SSR-formation-SONU-300x168.jpg 300w\" sizes=\"auto, (max-width: 600px) 100vw, 600px\" \/><\/p>\n    <\/div>\n   <\/div>\n  <\/div>\n\n <\/div>\n<\/div>\n","protected":false},"excerpt":{"rendered":"<p>D\u00e8s sa cr\u00e9ation, Sant\u00e9 Sud s\u2019est construite autour du concept d\u2019 \u201cAgir ensemble sans remplacer\u201d. Notre r\u00f4le a toujours \u00e9t\u00e9 d\u2019accompagner, sans faire \u00e0 leur place, les actrices et acteurs des syst\u00e8mes de sant\u00e9 dans l\u2019accueil et de la prise en charge des patient\u00b7es, notamment en sant\u00e9 primaire.<\/p>\n","protected":false},"author":1,"featured_media":0,"parent":6027,"menu_order":8,"comment_status":"closed","ping_status":"closed","template":"","meta":{"_acf_changed":false,"inline_featured_image":false,"footnotes":""},"class_list":["post-6089","page","type-page","status-publish","hentry"],"acf":[],"yoast_head":"<!-- This site is optimized with the Yoast SEO plugin v27.2 - https:\/\/yoast.com\/product\/yoast-seo-wordpress\/ -->\n<title>Strengthening health human resources - Sant\u00e9 Sud<\/title>\n<meta name=\"description\" content=\"D\u00e8s sa cr\u00e9ation, Sant\u00e9 Sud s\u2019est construite autour du concept d\u2019 \u201cAgir ensemble sans remplacer\u201d. Notre r\u00f4le a toujours \u00e9t\u00e9 d\u2019accompagner, sans faire \u00e0 leur place, les actrices et acteurs des syst\u00e8mes de sant\u00e9 dans l\u2019accueil et de la prise en charge des patient\u00b7es, notamment en sant\u00e9 primaire.\" \/>\n<meta name=\"robots\" content=\"index, follow, max-snippet:-1, max-image-preview:large, max-video-preview:-1\" \/>\n<link rel=\"canonical\" href=\"https:\/\/www.santesud.org\/en\/who-are-we\/strengthening-health-human-resources\/\" \/>\n<meta property=\"og:locale\" content=\"en_US\" \/>\n<meta property=\"og:type\" content=\"article\" \/>\n<meta property=\"og:title\" content=\"Strengthening health human resources - Sant\u00e9 Sud\" \/>\n<meta property=\"og:description\" content=\"D\u00e8s sa cr\u00e9ation, Sant\u00e9 Sud s\u2019est construite autour du concept d\u2019 \u201cAgir ensemble sans remplacer\u201d. Notre r\u00f4le a toujours \u00e9t\u00e9 d\u2019accompagner, sans faire \u00e0 leur place, les actrices et acteurs des syst\u00e8mes de sant\u00e9 dans l\u2019accueil et de la prise en charge des patient\u00b7es, notamment en sant\u00e9 primaire.\" \/>\n<meta property=\"og:url\" content=\"https:\/\/www.santesud.org\/en\/who-are-we\/strengthening-health-human-resources\/\" \/>\n<meta property=\"og:site_name\" content=\"Sant\u00e9 Sud\" \/>\n<meta property=\"article:publisher\" content=\"https:\/\/www.facebook.com\/sante.sud\" \/>\n<meta property=\"article:modified_time\" content=\"2025-02-26T11:26:21+00:00\" \/>\n<meta name=\"twitter:card\" content=\"summary_large_image\" \/>\n<meta name=\"twitter:site\" content=\"@SanteSud13\" \/>\n<script type=\"application\/ld+json\" class=\"yoast-schema-graph\">{\"@context\":\"https:\/\/schema.org\",\"@graph\":[{\"@type\":\"WebPage\",\"@id\":\"https:\/\/www.santesud.org\/en\/who-are-we\/strengthening-health-human-resources\/\",\"url\":\"https:\/\/www.santesud.org\/en\/who-are-we\/strengthening-health-human-resources\/\",\"name\":\"Strengthening health human resources - Sant\u00e9 Sud\",\"isPartOf\":{\"@id\":\"https:\/\/www.santesud.org\/en\/#website\"},\"datePublished\":\"2025-01-14T15:09:20+00:00\",\"dateModified\":\"2025-02-26T11:26:21+00:00\",\"description\":\"D\u00e8s sa cr\u00e9ation, Sant\u00e9 Sud s\u2019est construite autour du concept d\u2019 \u201cAgir ensemble sans remplacer\u201d. Notre r\u00f4le a toujours \u00e9t\u00e9 d\u2019accompagner, sans faire \u00e0 leur place, les actrices et acteurs des syst\u00e8mes de sant\u00e9 dans l\u2019accueil et de la prise en charge des patient\u00b7es, notamment en sant\u00e9 primaire.\",\"breadcrumb\":{\"@id\":\"https:\/\/www.santesud.org\/en\/who-are-we\/strengthening-health-human-resources\/#breadcrumb\"},\"inLanguage\":\"en-US\",\"potentialAction\":[{\"@type\":\"ReadAction\",\"target\":[\"https:\/\/www.santesud.org\/en\/who-are-we\/strengthening-health-human-resources\/\"]}]},{\"@type\":\"BreadcrumbList\",\"@id\":\"https:\/\/www.santesud.org\/en\/who-are-we\/strengthening-health-human-resources\/#breadcrumb\",\"itemListElement\":[{\"@type\":\"ListItem\",\"position\":1,\"name\":\"Accueil\",\"item\":\"https:\/\/www.santesud.org\/en\/\"},{\"@type\":\"ListItem\",\"position\":2,\"name\":\"Who are we?\",\"item\":\"https:\/\/www.santesud.org\/en\/who-are-we\/\"},{\"@type\":\"ListItem\",\"position\":3,\"name\":\"Strengthening health human resources\"}]},{\"@type\":\"WebSite\",\"@id\":\"https:\/\/www.santesud.org\/en\/#website\",\"url\":\"https:\/\/www.santesud.org\/en\/\",\"name\":\"Sant\u00e9 Sud\",\"description\":\"Agir ensemble sans remplacer\",\"publisher\":{\"@id\":\"https:\/\/www.santesud.org\/en\/#organization\"},\"potentialAction\":[{\"@type\":\"SearchAction\",\"target\":{\"@type\":\"EntryPoint\",\"urlTemplate\":\"https:\/\/www.santesud.org\/en\/?s={search_term_string}\"},\"query-input\":{\"@type\":\"PropertyValueSpecification\",\"valueRequired\":true,\"valueName\":\"search_term_string\"}}],\"inLanguage\":\"en-US\"},{\"@type\":\"Organization\",\"@id\":\"https:\/\/www.santesud.org\/en\/#organization\",\"name\":\"Sant\u00e9 Sud\",\"url\":\"https:\/\/www.santesud.org\/en\/\",\"logo\":{\"@type\":\"ImageObject\",\"inLanguage\":\"en-US\",\"@id\":\"https:\/\/www.santesud.org\/en\/#\/schema\/logo\/image\/\",\"url\":\"https:\/\/www.santesud.org\/wp-content\/uploads\/2024\/09\/logo-sante-sud-1.svg\",\"contentUrl\":\"https:\/\/www.santesud.org\/wp-content\/uploads\/2024\/09\/logo-sante-sud-1.svg\",\"width\":900,\"height\":300,\"caption\":\"Sant\u00e9 Sud\"},\"image\":{\"@id\":\"https:\/\/www.santesud.org\/en\/#\/schema\/logo\/image\/\"},\"sameAs\":[\"https:\/\/www.facebook.com\/sante.sud\",\"https:\/\/x.com\/SanteSud13\",\"https:\/\/www.linkedin.com\/company\/sant-sud\/\",\"https:\/\/www.instagram.com\/sante_sud\/\",\"https:\/\/www.youtube.com\/@Sante-Sud\"]}]}<\/script>\n<!-- \/ Yoast SEO plugin. -->","yoast_head_json":{"title":"Strengthening health human resources - Sant\u00e9 Sud","description":"D\u00e8s sa cr\u00e9ation, Sant\u00e9 Sud s\u2019est construite autour du concept d\u2019 \u201cAgir ensemble sans remplacer\u201d. Notre r\u00f4le a toujours \u00e9t\u00e9 d\u2019accompagner, sans faire \u00e0 leur place, les actrices et acteurs des syst\u00e8mes de sant\u00e9 dans l\u2019accueil et de la prise en charge des patient\u00b7es, notamment en sant\u00e9 primaire.","robots":{"index":"index","follow":"follow","max-snippet":"max-snippet:-1","max-image-preview":"max-image-preview:large","max-video-preview":"max-video-preview:-1"},"canonical":"https:\/\/www.santesud.org\/en\/who-are-we\/strengthening-health-human-resources\/","og_locale":"en_US","og_type":"article","og_title":"Strengthening health human resources - Sant\u00e9 Sud","og_description":"D\u00e8s sa cr\u00e9ation, Sant\u00e9 Sud s\u2019est construite autour du concept d\u2019 \u201cAgir ensemble sans remplacer\u201d. Notre r\u00f4le a toujours \u00e9t\u00e9 d\u2019accompagner, sans faire \u00e0 leur place, les actrices et acteurs des syst\u00e8mes de sant\u00e9 dans l\u2019accueil et de la prise en charge des patient\u00b7es, notamment en sant\u00e9 primaire.","og_url":"https:\/\/www.santesud.org\/en\/who-are-we\/strengthening-health-human-resources\/","og_site_name":"Sant\u00e9 Sud","article_publisher":"https:\/\/www.facebook.com\/sante.sud","article_modified_time":"2025-02-26T11:26:21+00:00","twitter_card":"summary_large_image","twitter_site":"@SanteSud13","schema":{"@context":"https:\/\/schema.org","@graph":[{"@type":"WebPage","@id":"https:\/\/www.santesud.org\/en\/who-are-we\/strengthening-health-human-resources\/","url":"https:\/\/www.santesud.org\/en\/who-are-we\/strengthening-health-human-resources\/","name":"Strengthening health human resources - Sant\u00e9 Sud","isPartOf":{"@id":"https:\/\/www.santesud.org\/en\/#website"},"datePublished":"2025-01-14T15:09:20+00:00","dateModified":"2025-02-26T11:26:21+00:00","description":"D\u00e8s sa cr\u00e9ation, Sant\u00e9 Sud s\u2019est construite autour du concept d\u2019 \u201cAgir ensemble sans remplacer\u201d. Notre r\u00f4le a toujours \u00e9t\u00e9 d\u2019accompagner, sans faire \u00e0 leur place, les actrices et acteurs des syst\u00e8mes de sant\u00e9 dans l\u2019accueil et de la prise en charge des patient\u00b7es, notamment en sant\u00e9 primaire.","breadcrumb":{"@id":"https:\/\/www.santesud.org\/en\/who-are-we\/strengthening-health-human-resources\/#breadcrumb"},"inLanguage":"en-US","potentialAction":[{"@type":"ReadAction","target":["https:\/\/www.santesud.org\/en\/who-are-we\/strengthening-health-human-resources\/"]}]},{"@type":"BreadcrumbList","@id":"https:\/\/www.santesud.org\/en\/who-are-we\/strengthening-health-human-resources\/#breadcrumb","itemListElement":[{"@type":"ListItem","position":1,"name":"Accueil","item":"https:\/\/www.santesud.org\/en\/"},{"@type":"ListItem","position":2,"name":"Who are we?","item":"https:\/\/www.santesud.org\/en\/who-are-we\/"},{"@type":"ListItem","position":3,"name":"Strengthening health human resources"}]},{"@type":"WebSite","@id":"https:\/\/www.santesud.org\/en\/#website","url":"https:\/\/www.santesud.org\/en\/","name":"Sant\u00e9 Sud","description":"Agir ensemble sans remplacer","publisher":{"@id":"https:\/\/www.santesud.org\/en\/#organization"},"potentialAction":[{"@type":"SearchAction","target":{"@type":"EntryPoint","urlTemplate":"https:\/\/www.santesud.org\/en\/?s={search_term_string}"},"query-input":{"@type":"PropertyValueSpecification","valueRequired":true,"valueName":"search_term_string"}}],"inLanguage":"en-US"},{"@type":"Organization","@id":"https:\/\/www.santesud.org\/en\/#organization","name":"Sant\u00e9 Sud","url":"https:\/\/www.santesud.org\/en\/","logo":{"@type":"ImageObject","inLanguage":"en-US","@id":"https:\/\/www.santesud.org\/en\/#\/schema\/logo\/image\/","url":"https:\/\/www.santesud.org\/wp-content\/uploads\/2024\/09\/logo-sante-sud-1.svg","contentUrl":"https:\/\/www.santesud.org\/wp-content\/uploads\/2024\/09\/logo-sante-sud-1.svg","width":900,"height":300,"caption":"Sant\u00e9 Sud"},"image":{"@id":"https:\/\/www.santesud.org\/en\/#\/schema\/logo\/image\/"},"sameAs":["https:\/\/www.facebook.com\/sante.sud","https:\/\/x.com\/SanteSud13","https:\/\/www.linkedin.com\/company\/sant-sud\/","https:\/\/www.instagram.com\/sante_sud\/","https:\/\/www.youtube.com\/@Sante-Sud"]}]}},"_links":{"self":[{"href":"https:\/\/www.santesud.org\/en\/wp-json\/wp\/v2\/pages\/6089","targetHints":{"allow":["GET"]}}],"collection":[{"href":"https:\/\/www.santesud.org\/en\/wp-json\/wp\/v2\/pages"}],"about":[{"href":"https:\/\/www.santesud.org\/en\/wp-json\/wp\/v2\/types\/page"}],"author":[{"embeddable":true,"href":"https:\/\/www.santesud.org\/en\/wp-json\/wp\/v2\/users\/1"}],"replies":[{"embeddable":true,"href":"https:\/\/www.santesud.org\/en\/wp-json\/wp\/v2\/comments?post=6089"}],"version-history":[{"count":1,"href":"https:\/\/www.santesud.org\/en\/wp-json\/wp\/v2\/pages\/6089\/revisions"}],"predecessor-version":[{"id":6092,"href":"https:\/\/www.santesud.org\/en\/wp-json\/wp\/v2\/pages\/6089\/revisions\/6092"}],"up":[{"embeddable":true,"href":"https:\/\/www.santesud.org\/en\/wp-json\/wp\/v2\/pages\/6027"}],"wp:attachment":[{"href":"https:\/\/www.santesud.org\/en\/wp-json\/wp\/v2\/media?parent=6089"}],"curies":[{"name":"wp","href":"https:\/\/api.w.org\/{rel}","templated":true}]}}