{"id":6044,"date":"2024-11-27T15:18:24","date_gmt":"2024-11-27T14:18:24","guid":{"rendered":"https:\/\/www.santesud.org\/act-with-us\/devenir-partenaire-ou-mecene\/"},"modified":"2025-02-24T15:45:07","modified_gmt":"2025-02-24T14:45:07","slug":"become-a-partner-or-sponsor","status":"publish","type":"page","link":"https:\/\/www.santesud.org\/en\/act-with-us\/become-a-partner-or-sponsor\/","title":{"rendered":"Become a partner or sponsor"},"content":{"rendered":"<div id=\"field_pow2fb334139a90433a_type2\" class=\"container-fluid px-0 flexible_section block_columns\">\n <div id=\"field_pow2fb334139a90433a_type2_inner\" class=\"container flexible_section_inner\">\n\n   <div class=\"row flexible_section_content\">\n\n   <div class=\"col-sm-12 colonne colonne1\">\n    <div class=\"colonne_inner  text-left\">\n<h1>Become a partner or sponsor<\/h1>\n    <\/div>\n   <\/div>\n  <\/div>\n\n <\/div>\n<div id=\"shapedivider_pow2fb334139a90433a_type2_bottom\" class=\"shapedivider_outer\">\n<svg data-name=\"Layer 1\" xmlns=\"http:\/\/www.w3.org\/2000\/svg\" viewBox=\"0 0 1200 120\" preserveAspectRatio=\"none\">\n<path d=\"M1200 120L0 16.48 0 0 1200 0 1200 120z\" class=\"shape-fill\"><\/path>\n<\/svg>\n<\/div>\n\n<\/div>\n\n\n<div id=\"field_pow2812963e725b4701\" class=\"container-fluid px-0 flexible_section block_columns\">\n <div id=\"field_pow2812963e725b4701_inner\" class=\"container flexible_section_inner\">\n\n  <div class=\"row flexible_section_title_container\"><div class=\"col-12 flexible_section_title_col\"><h2 class=\"flexible_section_title mb-5 text-center  oblique_orange \">Tailor-made partnerships for a shared impact<\/h2><\/div><\/div>\n   <div class=\"row flexible_section_content\">\n\n   <div class=\"mb-3 mb-sm-0 col-sm-6 colonne colonne1\">\n    <div class=\"colonne_inner  text-left\">\n<p>We offer solutions tailored to your objectives, so that you can combine your commitment to society with a tangible impact:<\/p>\n    <\/div>\n   <\/div>\n   <div class=\"col-sm-6 colonne colonne2\">\n    <div class=\"colonne_inner  text-left\">\n    <\/div>\n   <\/div>\n  <\/div>\n\n <\/div>\n<\/div>\n\n\n<div id=\"field_pow19a4fe3e9aa2499f\" class=\"container-fluid px-0 flexible_section block_columns\">\n <div id=\"field_pow19a4fe3e9aa2499f_inner\" class=\"container flexible_section_inner\">\n\n   <div class=\"row flexible_section_content\">\n\n   <div class=\"mb-3 mb-sm-0 col-sm-4 colonne colonne1\">\n    <div class=\"colonne_inner  text-left\">\n<p><img loading=\"lazy\" decoding=\"async\" class=\"alignnone wp-image-4814 size-full\" src=\"https:\/\/www.santesud.org\/wp-content\/uploads\/2024\/12\/benevolat-01.png\" alt=\"\" width=\"400\" height=\"400\" srcset=\"https:\/\/www.santesud.org\/wp-content\/uploads\/2024\/12\/benevolat-01.png 400w, https:\/\/www.santesud.org\/wp-content\/uploads\/2024\/12\/benevolat-01-300x300.png 300w, https:\/\/www.santesud.org\/wp-content\/uploads\/2024\/12\/benevolat-01-150x150.png 150w\" sizes=\"auto, (max-width: 400px) 100vw, 400px\" \/><\/p>\n<h3 class=\"bordertop-orange1\">Salary rounding<\/h3>\n<p>Enable your employees to support our actions by opting for regular micro-donations, which are simple to set up but have a huge impact.<\/p>\n    <\/div>\n   <\/div>\n   <div class=\"mb-3 mb-sm-0 col-sm-4 colonne colonne2\">\n    <div class=\"colonne_inner  text-left\">\n<p><img loading=\"lazy\" decoding=\"async\" class=\"alignnone wp-image-4813 size-full\" src=\"https:\/\/www.santesud.org\/wp-content\/uploads\/2024\/12\/benevolat-02.png\" alt=\"\" width=\"400\" height=\"400\" srcset=\"https:\/\/www.santesud.org\/wp-content\/uploads\/2024\/12\/benevolat-02.png 400w, https:\/\/www.santesud.org\/wp-content\/uploads\/2024\/12\/benevolat-02-300x300.png 300w, https:\/\/www.santesud.org\/wp-content\/uploads\/2024\/12\/benevolat-02-150x150.png 150w\" sizes=\"auto, (max-width: 400px) 100vw, 400px\" \/><\/p>\n<h3 class=\"bordertop-marron1\">Support for solidarity projects<\/h3>\n<p>Involve your company in concrete initiatives, by participating in the funding or implementation of programmes that improve healthcare in the long term.<\/p>\n    <\/div>\n   <\/div>\n   <div class=\"col-sm-4 colonne colonne3\">\n    <div class=\"colonne_inner  text-left\">\n<p><img loading=\"lazy\" decoding=\"async\" class=\"alignnone wp-image-4812 size-full\" src=\"https:\/\/www.santesud.org\/wp-content\/uploads\/2024\/12\/benevolat-03.png\" alt=\"\" width=\"400\" height=\"400\" srcset=\"https:\/\/www.santesud.org\/wp-content\/uploads\/2024\/12\/benevolat-03.png 400w, https:\/\/www.santesud.org\/wp-content\/uploads\/2024\/12\/benevolat-03-300x300.png 300w, https:\/\/www.santesud.org\/wp-content\/uploads\/2024\/12\/benevolat-03-150x150.png 150w\" sizes=\"auto, (max-width: 400px) 100vw, 400px\" \/><\/p>\n<h3 class=\"bordertop-orange2\">Customised partnerships<\/h3>\n<p>Together, we can build a unique partnership that reflects your image, maximising your commitment and our impact on the ground.<\/p>\n    <\/div>\n   <\/div>\n  <\/div>\n\n <\/div>\n<\/div>\n\n\n<div id=\"field_pow19a4fe3e9aa2499f\" class=\"container-fluid px-0 flexible_section block_columns\">\n <div id=\"field_pow19a4fe3e9aa2499f_inner\" class=\"container flexible_section_inner\">\n\n   <div class=\"row flexible_section_content\">\n\n   <div class=\"col-sm-12 colonne colonne1\">\n    <div class=\"colonne_inner  text-left\">\n<p style=\"text-align: center\">For more informations, contact<strong>\u00a0partenariats@santesud.org<\/strong><\/p>\n    <\/div>\n   <\/div>\n  <\/div>\n\n <\/div>\n<\/div>\n","protected":false},"excerpt":{"rendered":"<p>Nous proposons des solutions adapt\u00e9es \u00e0 vos objectifs pour conjuguer votre engagement soci\u00e9tal avec un impact tangible<\/p>\n","protected":false},"author":1,"featured_media":0,"parent":6040,"menu_order":24,"comment_status":"closed","ping_status":"closed","template":"","meta":{"_acf_changed":false,"inline_featured_image":false,"footnotes":""},"class_list":["post-6044","page","type-page","status-publish","hentry"],"acf":[],"yoast_head":"<!-- This site is optimized with the Yoast SEO plugin v27.4 - https:\/\/yoast.com\/product\/yoast-seo-wordpress\/ -->\n<title>Become a partner or sponsor - Sant\u00e9 Sud<\/title>\n<meta name=\"description\" content=\"Nous proposons des solutions adapt\u00e9es \u00e0 vos objectifs pour conjuguer votre engagement soci\u00e9tal avec un impact tangible\" \/>\n<meta name=\"robots\" content=\"index, follow, max-snippet:-1, max-image-preview:large, max-video-preview:-1\" \/>\n<link rel=\"canonical\" href=\"https:\/\/www.santesud.org\/en\/act-with-us\/become-a-partner-or-sponsor\/\" \/>\n<meta property=\"og:locale\" content=\"en_US\" \/>\n<meta property=\"og:type\" content=\"article\" \/>\n<meta property=\"og:title\" content=\"Become a partner or sponsor - Sant\u00e9 Sud\" \/>\n<meta property=\"og:description\" content=\"Nous proposons des solutions adapt\u00e9es \u00e0 vos objectifs pour conjuguer votre engagement soci\u00e9tal avec un impact tangible\" \/>\n<meta property=\"og:url\" content=\"https:\/\/www.santesud.org\/en\/act-with-us\/become-a-partner-or-sponsor\/\" \/>\n<meta property=\"og:site_name\" content=\"Sant\u00e9 Sud\" \/>\n<meta property=\"article:publisher\" content=\"https:\/\/www.facebook.com\/sante.sud\" \/>\n<meta property=\"article:modified_time\" content=\"2025-02-24T14:45:07+00:00\" \/>\n<meta name=\"twitter:card\" content=\"summary_large_image\" \/>\n<meta name=\"twitter:site\" content=\"@SanteSud13\" \/>\n<script type=\"application\/ld+json\" class=\"yoast-schema-graph\">{\"@context\":\"https:\\\/\\\/schema.org\",\"@graph\":[{\"@type\":\"WebPage\",\"@id\":\"https:\\\/\\\/www.santesud.org\\\/en\\\/act-with-us\\\/become-a-partner-or-sponsor\\\/\",\"url\":\"https:\\\/\\\/www.santesud.org\\\/en\\\/act-with-us\\\/become-a-partner-or-sponsor\\\/\",\"name\":\"Become a partner or sponsor - Sant\u00e9 Sud\",\"isPartOf\":{\"@id\":\"https:\\\/\\\/www.santesud.org\\\/en\\\/#website\"},\"datePublished\":\"2024-11-27T14:18:24+00:00\",\"dateModified\":\"2025-02-24T14:45:07+00:00\",\"description\":\"Nous proposons des solutions adapt\u00e9es \u00e0 vos objectifs pour conjuguer votre engagement soci\u00e9tal avec un impact tangible\",\"breadcrumb\":{\"@id\":\"https:\\\/\\\/www.santesud.org\\\/en\\\/act-with-us\\\/become-a-partner-or-sponsor\\\/#breadcrumb\"},\"inLanguage\":\"en-US\",\"potentialAction\":[{\"@type\":\"ReadAction\",\"target\":[\"https:\\\/\\\/www.santesud.org\\\/en\\\/act-with-us\\\/become-a-partner-or-sponsor\\\/\"]}]},{\"@type\":\"BreadcrumbList\",\"@id\":\"https:\\\/\\\/www.santesud.org\\\/en\\\/act-with-us\\\/become-a-partner-or-sponsor\\\/#breadcrumb\",\"itemListElement\":[{\"@type\":\"ListItem\",\"position\":1,\"name\":\"Accueil\",\"item\":\"https:\\\/\\\/www.santesud.org\\\/en\\\/\"},{\"@type\":\"ListItem\",\"position\":2,\"name\":\"Act with us\",\"item\":\"https:\\\/\\\/www.santesud.org\\\/en\\\/act-with-us\\\/\"},{\"@type\":\"ListItem\",\"position\":3,\"name\":\"Become a partner or sponsor\"}]},{\"@type\":\"WebSite\",\"@id\":\"https:\\\/\\\/www.santesud.org\\\/en\\\/#website\",\"url\":\"https:\\\/\\\/www.santesud.org\\\/en\\\/\",\"name\":\"Sant\u00e9 Sud\",\"description\":\"Agir ensemble sans remplacer\",\"publisher\":{\"@id\":\"https:\\\/\\\/www.santesud.org\\\/en\\\/#organization\"},\"potentialAction\":[{\"@type\":\"SearchAction\",\"target\":{\"@type\":\"EntryPoint\",\"urlTemplate\":\"https:\\\/\\\/www.santesud.org\\\/en\\\/?s={search_term_string}\"},\"query-input\":{\"@type\":\"PropertyValueSpecification\",\"valueRequired\":true,\"valueName\":\"search_term_string\"}}],\"inLanguage\":\"en-US\"},{\"@type\":\"Organization\",\"@id\":\"https:\\\/\\\/www.santesud.org\\\/en\\\/#organization\",\"name\":\"Sant\u00e9 Sud\",\"url\":\"https:\\\/\\\/www.santesud.org\\\/en\\\/\",\"logo\":{\"@type\":\"ImageObject\",\"inLanguage\":\"en-US\",\"@id\":\"https:\\\/\\\/www.santesud.org\\\/en\\\/#\\\/schema\\\/logo\\\/image\\\/\",\"url\":\"https:\\\/\\\/www.santesud.org\\\/wp-content\\\/uploads\\\/2024\\\/09\\\/logo-sante-sud-1.svg\",\"contentUrl\":\"https:\\\/\\\/www.santesud.org\\\/wp-content\\\/uploads\\\/2024\\\/09\\\/logo-sante-sud-1.svg\",\"width\":900,\"height\":300,\"caption\":\"Sant\u00e9 Sud\"},\"image\":{\"@id\":\"https:\\\/\\\/www.santesud.org\\\/en\\\/#\\\/schema\\\/logo\\\/image\\\/\"},\"sameAs\":[\"https:\\\/\\\/www.facebook.com\\\/sante.sud\",\"https:\\\/\\\/x.com\\\/SanteSud13\",\"https:\\\/\\\/www.linkedin.com\\\/company\\\/sant-sud\\\/\",\"https:\\\/\\\/www.instagram.com\\\/sante_sud\\\/\",\"https:\\\/\\\/www.youtube.com\\\/@Sante-Sud\"]}]}<\/script>\n<!-- \/ Yoast SEO plugin. -->","yoast_head_json":{"title":"Become a partner or sponsor - Sant\u00e9 Sud","description":"Nous proposons des solutions adapt\u00e9es \u00e0 vos objectifs pour conjuguer votre engagement soci\u00e9tal avec un impact tangible","robots":{"index":"index","follow":"follow","max-snippet":"max-snippet:-1","max-image-preview":"max-image-preview:large","max-video-preview":"max-video-preview:-1"},"canonical":"https:\/\/www.santesud.org\/en\/act-with-us\/become-a-partner-or-sponsor\/","og_locale":"en_US","og_type":"article","og_title":"Become a partner or sponsor - Sant\u00e9 Sud","og_description":"Nous proposons des solutions adapt\u00e9es \u00e0 vos objectifs pour conjuguer votre engagement soci\u00e9tal avec un impact tangible","og_url":"https:\/\/www.santesud.org\/en\/act-with-us\/become-a-partner-or-sponsor\/","og_site_name":"Sant\u00e9 Sud","article_publisher":"https:\/\/www.facebook.com\/sante.sud","article_modified_time":"2025-02-24T14:45:07+00:00","twitter_card":"summary_large_image","twitter_site":"@SanteSud13","schema":{"@context":"https:\/\/schema.org","@graph":[{"@type":"WebPage","@id":"https:\/\/www.santesud.org\/en\/act-with-us\/become-a-partner-or-sponsor\/","url":"https:\/\/www.santesud.org\/en\/act-with-us\/become-a-partner-or-sponsor\/","name":"Become a partner or sponsor - Sant\u00e9 Sud","isPartOf":{"@id":"https:\/\/www.santesud.org\/en\/#website"},"datePublished":"2024-11-27T14:18:24+00:00","dateModified":"2025-02-24T14:45:07+00:00","description":"Nous proposons des solutions adapt\u00e9es \u00e0 vos objectifs pour conjuguer votre engagement soci\u00e9tal avec un impact tangible","breadcrumb":{"@id":"https:\/\/www.santesud.org\/en\/act-with-us\/become-a-partner-or-sponsor\/#breadcrumb"},"inLanguage":"en-US","potentialAction":[{"@type":"ReadAction","target":["https:\/\/www.santesud.org\/en\/act-with-us\/become-a-partner-or-sponsor\/"]}]},{"@type":"BreadcrumbList","@id":"https:\/\/www.santesud.org\/en\/act-with-us\/become-a-partner-or-sponsor\/#breadcrumb","itemListElement":[{"@type":"ListItem","position":1,"name":"Accueil","item":"https:\/\/www.santesud.org\/en\/"},{"@type":"ListItem","position":2,"name":"Act with us","item":"https:\/\/www.santesud.org\/en\/act-with-us\/"},{"@type":"ListItem","position":3,"name":"Become a partner or sponsor"}]},{"@type":"WebSite","@id":"https:\/\/www.santesud.org\/en\/#website","url":"https:\/\/www.santesud.org\/en\/","name":"Sant\u00e9 Sud","description":"Agir ensemble sans remplacer","publisher":{"@id":"https:\/\/www.santesud.org\/en\/#organization"},"potentialAction":[{"@type":"SearchAction","target":{"@type":"EntryPoint","urlTemplate":"https:\/\/www.santesud.org\/en\/?s={search_term_string}"},"query-input":{"@type":"PropertyValueSpecification","valueRequired":true,"valueName":"search_term_string"}}],"inLanguage":"en-US"},{"@type":"Organization","@id":"https:\/\/www.santesud.org\/en\/#organization","name":"Sant\u00e9 Sud","url":"https:\/\/www.santesud.org\/en\/","logo":{"@type":"ImageObject","inLanguage":"en-US","@id":"https:\/\/www.santesud.org\/en\/#\/schema\/logo\/image\/","url":"https:\/\/www.santesud.org\/wp-content\/uploads\/2024\/09\/logo-sante-sud-1.svg","contentUrl":"https:\/\/www.santesud.org\/wp-content\/uploads\/2024\/09\/logo-sante-sud-1.svg","width":900,"height":300,"caption":"Sant\u00e9 Sud"},"image":{"@id":"https:\/\/www.santesud.org\/en\/#\/schema\/logo\/image\/"},"sameAs":["https:\/\/www.facebook.com\/sante.sud","https:\/\/x.com\/SanteSud13","https:\/\/www.linkedin.com\/company\/sant-sud\/","https:\/\/www.instagram.com\/sante_sud\/","https:\/\/www.youtube.com\/@Sante-Sud"]}]}},"_links":{"self":[{"href":"https:\/\/www.santesud.org\/en\/wp-json\/wp\/v2\/pages\/6044","targetHints":{"allow":["GET"]}}],"collection":[{"href":"https:\/\/www.santesud.org\/en\/wp-json\/wp\/v2\/pages"}],"about":[{"href":"https:\/\/www.santesud.org\/en\/wp-json\/wp\/v2\/types\/page"}],"author":[{"embeddable":true,"href":"https:\/\/www.santesud.org\/en\/wp-json\/wp\/v2\/users\/1"}],"replies":[{"embeddable":true,"href":"https:\/\/www.santesud.org\/en\/wp-json\/wp\/v2\/comments?post=6044"}],"version-history":[{"count":2,"href":"https:\/\/www.santesud.org\/en\/wp-json\/wp\/v2\/pages\/6044\/revisions"}],"predecessor-version":[{"id":6047,"href":"https:\/\/www.santesud.org\/en\/wp-json\/wp\/v2\/pages\/6044\/revisions\/6047"}],"up":[{"embeddable":true,"href":"https:\/\/www.santesud.org\/en\/wp-json\/wp\/v2\/pages\/6040"}],"wp:attachment":[{"href":"https:\/\/www.santesud.org\/en\/wp-json\/wp\/v2\/media?parent=6044"}],"curies":[{"name":"wp","href":"https:\/\/api.w.org\/{rel}","templated":true}]}}